{"id":4076,"date":"2023-03-07T11:28:52","date_gmt":"2023-03-07T11:28:52","guid":{"rendered":"https:\/\/www.beroeder.com\/?page_id=4076"},"modified":"2024-09-04T14:25:04","modified_gmt":"2024-09-04T14:25:04","slug":"politica-de-cookies","status":"publish","type":"page","link":"https:\/\/beroeder.com\/eus\/politica-de-cookies\/","title":{"rendered":"Cookie Politika"},"content":{"rendered":"<div data-elementor-type=\"wp-page\" data-elementor-id=\"4076\" class=\"elementor elementor-4076\" data-elementor-post-type=\"page\">\n\t\t\t\t\t\t<section class=\"elementor-section elementor-top-section elementor-element elementor-element-02b13de elementor-section-boxed elementor-section-height-default elementor-section-height-default\" data-id=\"02b13de\" data-element_type=\"section\">\r\n\t\t\t\t\t\t<div class=\"elementor-container elementor-column-gap-thegem\"><div class=\"elementor-row\">\r\n\t\t\t\t\t<div class=\"elementor-column elementor-col-100 elementor-top-column elementor-element elementor-element-5035c50\" data-id=\"5035c50\" data-element_type=\"column\">\n\t\t\t<div class=\"elementor-widget-wrap elementor-element-populated\">\n\t\t\t\t\t\t<div class=\"elementor-element elementor-element-fab410b flex-horizontal-align-default flex-horizontal-align-tablet-default flex-horizontal-align-mobile-default flex-vertical-align-default flex-vertical-align-tablet-default flex-vertical-align-mobile-default elementor-widget elementor-widget-text-editor\" data-id=\"fab410b\" data-element_type=\"widget\" data-widget_type=\"text-editor.default\">\n\t\t\t\t<div class=\"elementor-widget-container\">\n\t\t\t\t\t\t\t\t\t\t<div class=\"elementor-text-editor elementor-clearfix\">\r\n\t\t\t\t\t\t<p align=\"LEFT\"><strong>Uso de cookies en las webs y aplicaciones<em><br \/><\/em><\/strong><\/p><p align=\"LEFT\">En cumplimiento de la Ley 34\/2002, de 11 de julio, de Servicios de la Sociedad de la Informaci\u00f3n y Comercio Electr\u00f3nico le informamos de la utilizaci\u00f3n de cookies en las webs y aplicaciones de Bero Eder Instalaciones SL (en adelante <em>Bero Eder<\/em>)\u00a0con el fin de facilitar y mejorar la navegaci\u00f3n a los usuarios, recordando por donde naveg\u00f3 en el sitio web, las preferencias y configuraciones de visualizaci\u00f3n, y ofreciendo a cada usuario informaci\u00f3n que puede ser de su inter\u00e9s.<\/p><p align=\"LEFT\"><strong>\u00bfQu\u00e9 son las cookies?<\/strong><\/p><p align=\"LEFT\">Una cookie es un fichero que se descarga en su ordenador o el dispositivo que utilice (Smartphone, tablet, SMART TV \u2026.) al acceder a determinadas p\u00e1ginas web o aplicaciones. Las cookies permiten, entre otras cosas, recopilar informaci\u00f3n estad\u00edstica, facilitar ciertas funcionalidades t\u00e9cnicas, almacenar y recuperar informaci\u00f3n sobre los h\u00e1bitos de navegaci\u00f3n o preferencias de un usuario o de su equipo y, dependiendo de la informaci\u00f3n que contengan y de la forma en que utilice su equipo, pueden utilizarse para reconocer al usuario.<\/p><p align=\"LEFT\">Una cookie se almacena en un ordenador con el fin de identificar al navegador mientras interacciona en el sitio web. Este sitio puede establecer una cookie en el navegador si las preferencias de \u00e9ste lo permiten. Un navegador s\u00f3lo permite que un sitio web acceda a las cookies que \u00e9ste establece, no a las que establecen otros sitios Web. En el sitio web de\u00a0<em>Bero Eder\u00a0<\/em>se utilizan cookies de terceros, que permiten recoger datos an\u00f3nimos estad\u00edsticos sobre las visitas recibidas con el fin de realizar un seguimiento de las campa\u00f1as publicitarias que pudieran estar vigentes en el momento de la visita.<\/p><p align=\"LEFT\"><strong>\u00bfPor qu\u00e9 las cookies son importantes?<\/strong><\/p><p align=\"LEFT\"><em>Bero Eder<\/em>\u00a0utiliza estas cookies por a) motivos operativos: Equilibrado y limitaci\u00f3n del tr\u00e1fico como m\u00e9todo de aseguramiento del servicio; b) por facilidad de uso: Hacer m\u00e1s f\u00e1cil y amigable la navegaci\u00f3n en las webs y aplicaciones, por ejemplo, recordar aspectos del usuario como su idioma, pa\u00eds, navegador, etc\u2026 Determinadas cookies son fundamentales para que pueda utilizar servicios de\u00a0<em>Bero Eder.<\/em><\/p><p align=\"LEFT\"><em>Bero Eder\u00a0<\/em>en ning\u00fan caso realiza registro de las actividades que el usuario lleva a cabo en la red ni elabora perfiles de \u00e9ste.<\/p><p align=\"LEFT\"><strong>Tipos de cookies utilizadas por Corporal Concept<br \/><\/strong><\/p><p align=\"LEFT\"><strong>Cookies T\u00e9cnicas:<\/strong>\u00a0para ayudar a mejorar la calidad de nuestro servicio, incluyendo almacenar preferencias del usuario, mejorando la selecci\u00f3n de anuncio que se le presenta, los resultados de b\u00fasqueda, as\u00ed como rastrear tendencias de usuario. Tambi\u00e9n se utilizan cookies en soportes publicitarios para ayudar a anunciantes a gestionar su publicidad a trav\u00e9s de la web.<\/p><p align=\"LEFT\"><strong>Cookies de gesti\u00f3n publicitaria:<\/strong>\u00a0son cookies de terceros utilizadas para la provisi\u00f3n de publicidad en nuestras webs y aplicaciones. Permiten recoger datos an\u00f3nimos estad\u00edsticos sobre las visitas recibidas para realizar el seguimiento de una campa\u00f1a publicitaria. Tambi\u00e9n pueden recoger informaci\u00f3n que incluir\u00e1 IP del usuario y proveedor de internet, normalmente para objetivos de geotargeting o medici\u00f3n de la exposici\u00f3n de ciertos anuncios dependiendo de la configuraci\u00f3n de su navegador y de su comportamiento ante la exposici\u00f3n de campa\u00f1as publicitarias en internet: el n\u00famero de impresiones de un determinado soporte publicitario, el n\u00famero de clics, visitantes a la p\u00e1gina, etc.<\/p><p align=\"LEFT\"><strong>Cookies estad\u00edsticas:<\/strong>\u00a0recogen informaci\u00f3n sobre fecha de visita, la URL y el t\u00edtulo de la p\u00e1gina web visitada. Los informes generados con esta informaci\u00f3n ser\u00e1n meramente estad\u00edsticos dando informaci\u00f3n sobre el comportamiento de navegaci\u00f3n de forma an\u00f3nima.<\/p><p align=\"LEFT\"><strong>Cookies de sesi\u00f3n:<\/strong>\u00a0guardan informaci\u00f3n del tipo de usuario en la comunidad de\u00a0<em>Bero Eder<\/em>, guardando el nick de usuario para evitar introducirlo p\u00e1gina a p\u00e1gina, tambi\u00e9n se guarda informaci\u00f3n encriptada e informaci\u00f3n sobre los favoritos del usuario<\/p><p align=\"LEFT\"><strong>Cookies An\u00e1liticas:\u00a0<\/strong>son utilizadas para realizar el seguimiento sobre el motor de b\u00fasqueda desde el que se ha visitado la web y qu\u00e9 t\u00e9rminos de b\u00fasqueda se utilizaron para encontrarlo, calculan el tiempo pasado en la web en cada sesi\u00f3n y el n\u00famero de veces que el usuario ha visitado la p\u00e1gina.<\/p><p align=\"LEFT\">La lista de cookies utilizadas podr\u00e1 modificarse en funci\u00f3n de la incorporaci\u00f3n o exclusi\u00f3n de servicios en las webs y aplicaciones.<\/p><p align=\"LEFT\"><strong>Tipos de cookies por vencimiento<\/strong><\/p><p align=\"LEFT\">Las Cookies utilizadas en\u00a0<em>Bero Eder<\/em>\u00a0pueden tener los siguientes tipos de vencimientos:<\/p><p align=\"LEFT\">a. De sesi\u00f3n: Con vencimiento una vez que el usuario sale de la sesi\u00f3n.<\/p><p align=\"LEFT\">b. De Servicio Relacionadas con alg\u00fan servicio personalizado dentro del sitio, con vencimiento inferior a veinticuatro horas (24h).<\/p><p align=\"LEFT\">c. Persistentes: quedan permanentemente instaladas en tu navegador y son activadas cada vez que visitas el site, siempre y cuando no se desactive su uso.<\/p><p align=\"LEFT\"><strong>Configuraci\u00f3n de cookies<\/strong><\/p><p align=\"LEFT\">Para conocer la forma en la que configurar la gesti\u00f3n de cookies en su navegador o dispositivo, en el caso en que las bloquee, es posible que ciertos servicios que necesitan su uso no est\u00e9n disponibles para usted. A continuaci\u00f3n le ofrecemos enlaces en los que encontrar\u00e1 informaci\u00f3n sobre c\u00f3mo puede activar sus preferencias en los principales navegadores:<\/p><p align=\"LEFT\"><strong>Chrome<\/strong>:\u00a0<a href=\"http:\/\/support.google.com\/chrome\/bin\/answer.py?hl=es&amp;answer=95647\" target=\"_blank\" rel=\"noopener noreferrer\" data-saferedirecturl=\"https:\/\/www.google.com\/url?q=http:\/\/support.google.com\/chrome\/bin\/answer.py?hl%3Des%26answer%3D95647&amp;source=gmail&amp;ust=1678527514116000&amp;usg=AOvVaw1qVMHFjI4xJ3gFvPFngepF\">http:\/\/support.google.com\/<wbr \/>chrome\/bin\/answer.py?hl=es&amp;<wbr \/>answer=95647<\/a><\/p><p align=\"LEFT\"><strong>Explorer<\/strong>:\u00a0<a href=\"http:\/\/windows.microsoft.com\/es-es\/windows7\/how-to-manage-cookies-in-internet-explorer-9\" target=\"_blank\" rel=\"noopener noreferrer\" data-saferedirecturl=\"https:\/\/www.google.com\/url?q=http:\/\/windows.microsoft.com\/es-es\/windows7\/how-to-manage-cookies-in-internet-explorer-9&amp;source=gmail&amp;ust=1678527514116000&amp;usg=AOvVaw2hoMcrIc4fzyhKhr1jJrOj\">http:\/\/windows.microsoft.com\/<wbr \/>es-es\/windows7\/how-to-manage-<wbr \/>cookies-in-internet-explorer-9<\/a><\/p><p align=\"LEFT\"><strong>Firefox<\/strong>:\u00a0<a href=\"http:\/\/support.mozilla.org\/es\/kb\/habilitar-y-deshabilitar-cookies-que-los-sitios-we\" target=\"_blank\" rel=\"noopener noreferrer\" data-saferedirecturl=\"https:\/\/www.google.com\/url?q=http:\/\/support.mozilla.org\/es\/kb\/habilitar-y-deshabilitar-cookies-que-los-sitios-we&amp;source=gmail&amp;ust=1678527514116000&amp;usg=AOvVaw0wooxPJ4N7J-IgaiEHPHss\">http:\/\/support.mozilla.org\/es\/<wbr \/>kb\/habilitar-y-deshabilitar-<wbr \/>cookies-que-los-sitios-we<\/a><\/p><p align=\"LEFT\"><strong>Safari<\/strong>:\u00a0<a href=\"http:\/\/support.apple.com\/kb\/ph5042\" target=\"_blank\" rel=\"noopener noreferrer\" data-saferedirecturl=\"https:\/\/www.google.com\/url?q=http:\/\/support.apple.com\/kb\/ph5042&amp;source=gmail&amp;ust=1678527514116000&amp;usg=AOvVaw3ht87IVOIskugX_KhZWMHg\">http:\/\/support.apple.com\/kb\/<wbr \/>ph5042<\/a><\/p><p align=\"LEFT\"><strong>Safari para IOS (iPhone, iPad)<\/strong>:\u00a0<a href=\"http:\/\/support.apple.com\/kb\/HT1677?viewlocale=es_ES&amp;locale=es_ES\" target=\"_blank\" rel=\"noopener\" data-saferedirecturl=\"https:\/\/www.google.com\/url?q=http:\/\/support.apple.com\/kb\/HT1677?viewlocale%3Des_ES%26locale%3Des_ES&amp;source=gmail&amp;ust=1678527514116000&amp;usg=AOvVaw3xoeOXD5L7qcU8extXU0Gd\">http:\/\/support.apple.com\/kb\/<wbr \/>HT1677?viewlocale=es_ES&amp;<wbr \/>locale=es_ES<\/a><\/p><p align=\"LEFT\"><strong>Opera<\/strong>:\u00a0<a href=\"http:\/\/help.opera.com\/Windows\/10.20\/fr\/cookies.html\" target=\"_blank\" rel=\"noopener\" data-saferedirecturl=\"https:\/\/www.google.com\/url?q=http:\/\/help.opera.com\/Windows\/10.20\/fr\/cookies.html&amp;source=gmail&amp;ust=1678527514116000&amp;usg=AOvVaw3N6NwBZ-LSYnG_K_UG9RFT\">http:\/\/help.opera.com\/Windows\/<wbr \/>10.20\/fr\/cookies.html<\/a><\/p><p align=\"LEFT\"><strong>Android<\/strong>:\u00a0<a href=\"https:\/\/support.google.com\/android\/?hl=en\" target=\"_blank\" rel=\"noopener\" data-saferedirecturl=\"https:\/\/www.google.com\/url?q=https:\/\/support.google.com\/android\/?hl%3Den&amp;source=gmail&amp;ust=1678527514116000&amp;usg=AOvVaw31IPm3LT2vIaUb8mQaKJNC\">https:\/\/support.google.com\/<wbr \/>android\/?hl=en<\/a><\/p><p align=\"LEFT\"><strong>Windows Phone<\/strong>:\u00a0<a href=\"http:\/\/www.microsoft.com\/windowsphone\/en-us\/howto\/wp7\/web\/changing-privacy-and-other-browser-settings.aspx\" target=\"_blank\" rel=\"noopener\" data-saferedirecturl=\"https:\/\/www.google.com\/url?q=http:\/\/www.microsoft.com\/windowsphone\/en-us\/howto\/wp7\/web\/changing-privacy-and-other-browser-settings.aspx&amp;source=gmail&amp;ust=1678527514116000&amp;usg=AOvVaw2hl79qJIDMgSzTmZHSyNJ-\">http:\/\/www.microsoft.com\/<wbr \/>windowsphone\/en-us\/howto\/wp7\/<wbr \/>web\/changing-privacy-and-<wbr \/>other-browser-settings.aspx<\/a><\/p><p align=\"LEFT\"><strong>Blackberry<\/strong>:\u00a0<a href=\"http:\/\/docs.blackberry.com\/en\/smartphone_users\/deliverables\/32004\/Turn_off_cookies_in_the_browser_60_1072866_11.jsp\" target=\"_blank\" rel=\"noopener\" data-saferedirecturl=\"https:\/\/www.google.com\/url?q=http:\/\/docs.blackberry.com\/en\/smartphone_users\/deliverables\/32004\/Turn_off_cookies_in_the_browser_60_1072866_11.jsp&amp;source=gmail&amp;ust=1678527514116000&amp;usg=AOvVaw3uNZBKVypnR-Ig7_bsjWaM\">http:\/\/docs.blackberry.com\/en\/<wbr \/>smartphone_users\/deliverables\/<\/a><\/p><p align=\"LEFT\"><strong>Aceptaci\u00f3n de cookies<\/strong><\/p><p align=\"LEFT\">Si usted contin\u00faa su navegaci\u00f3n una vez informado sobre la Pol\u00edtica de Cookies, entenderemos que acepta la utilizaci\u00f3n de las cookies por parte de la web y aplicaciones. Sin embargo, si usted quiere, puede cambiar la configuraci\u00f3n de cookies en cualquier momento, configurando su navegador para aceptar, o no, las cookies que recibe o para que el navegador le avise cuando un servidor quiera guardar una cookie. Le informamos que en el caso de bloquear o no aceptar la instalaci\u00f3n de cookies, es posible que ciertos servicios no est\u00e9n disponibles sin la utilizaci\u00f3n de \u00e9stas o que no pueda acceder a determinados servicios ni tampoco aprovechar por completo todo lo que nuestro sitio web ofrece.<\/p><p align=\"LEFT\">Adem\u00e1s del uso de cookies propias de\u00a0<em>Bero Eder<\/em>, permitimos a terceros establecer cookies y acceder a ellas en su ordenador. El consentimiento del uso de las cookies de estas empresas est\u00e1 ligado a la navegaci\u00f3n por este sitio.<\/p><p align=\"LEFT\"><em>Bero Eder\u00a0<\/em>le agradece que consienta la aceptaci\u00f3n de cookies, esto nos ayuda a obtener datos m\u00e1s precisos que nos permiten mejorar el contenido y el dise\u00f1o de nuestro sitio web para adaptarlas a sus preferencias.<\/p><p align=\"LEFT\">En caso de que\u00a0<em>Bero Eder\u00a0<\/em>prestara alg\u00fan tipo de servicio especial en el que determine unas previsiones espec\u00edficas diferentes a \u00e9stas en lo relativo a la protecci\u00f3n de datos personales y la utilizaci\u00f3n de cookies, prevalecer\u00e1n las normas particulares indicadas para ese servicio en particular sobre las presentes.<\/p><p align=\"LEFT\">Al acceder a este sitio web o aplicaci\u00f3n por primera vez, ver\u00e1 una ventana donde se le informa de la utilizaci\u00f3n de las cookies y donde puede consultar esta \u201cPol\u00edtica de cookies\u201d. Si usted consiente la utilizaci\u00f3n de cookies, contin\u00faa navegando o hace clic en alg\u00fan link se entender\u00e1 que usted ha consentido nuestra pol\u00edtica de cookies y por tanto la instalaci\u00f3n de las mismas en su equipo o dispositivo.<\/p>\t\t\t\t\t\t\t<\/div>\r\n\t\t\t\t\t\t\t\t<\/div>\n\t\t\t\t<\/div>\n\t\t\t\t\t<\/div>\n\t\t<\/div>\n\t\t\t\t\t<\/div><\/div>\r\n\t\t<\/section>\r\n\t\t\t\t<\/div>","protected":false},"excerpt":{"rendered":"<p>Uso de cookies en las webs y aplicaciones En cumplimiento de la Ley 34\/2002, de 11 de julio, de Servicios&#8230;<\/p>","protected":false},"author":1,"featured_media":0,"parent":0,"menu_order":0,"comment_status":"closed","ping_status":"closed","template":"page-fullwidth.php","meta":{"footnotes":""},"class_list":["post-4076","page","type-page","status-publish"],"_links":{"self":[{"href":"https:\/\/beroeder.com\/eus\/wp-json\/wp\/v2\/pages\/4076","targetHints":{"allow":["GET"]}}],"collection":[{"href":"https:\/\/beroeder.com\/eus\/wp-json\/wp\/v2\/pages"}],"about":[{"href":"https:\/\/beroeder.com\/eus\/wp-json\/wp\/v2\/types\/page"}],"author":[{"embeddable":true,"href":"https:\/\/beroeder.com\/eus\/wp-json\/wp\/v2\/users\/1"}],"replies":[{"embeddable":true,"href":"https:\/\/beroeder.com\/eus\/wp-json\/wp\/v2\/comments?post=4076"}],"version-history":[{"count":13,"href":"https:\/\/beroeder.com\/eus\/wp-json\/wp\/v2\/pages\/4076\/revisions"}],"predecessor-version":[{"id":4743,"href":"https:\/\/beroeder.com\/eus\/wp-json\/wp\/v2\/pages\/4076\/revisions\/4743"}],"wp:attachment":[{"href":"https:\/\/beroeder.com\/eus\/wp-json\/wp\/v2\/media?parent=4076"}],"curies":[{"name":"wp","href":"https:\/\/api.w.org\/{rel}","templated":true}]}}