{"id":3817,"date":"2023-03-06T12:48:35","date_gmt":"2023-03-06T12:48:35","guid":{"rendered":"https:\/\/www.beroeder.com\/?page_id=3817"},"modified":"2023-03-16T19:47:39","modified_gmt":"2023-03-16T19:47:39","slug":"suelo-radiante","status":"publish","type":"page","link":"https:\/\/beroeder.com\/eus\/suelo-radiante\/","title":{"rendered":"Zoru erradiatzailea"},"content":{"rendered":"<div data-elementor-type=\"wp-page\" data-elementor-id=\"3817\" class=\"elementor elementor-3817\" data-elementor-post-type=\"page\">\n\t\t\t\t\t\t<section class=\"elementor-section elementor-top-section elementor-element elementor-element-e915216 elementor-section-content-middle elementor-section-boxed elementor-section-height-default elementor-section-height-default\" data-id=\"e915216\" data-element_type=\"section\">\r\n\t\t\t\t\t\t<div class=\"elementor-container elementor-column-gap-thegem\"><div class=\"elementor-row\">\r\n\t\t\t\t\t<div class=\"elementor-column elementor-col-100 elementor-top-column elementor-element elementor-element-3e97a99\" data-id=\"3e97a99\" data-element_type=\"column\">\n\t\t\t<div class=\"elementor-widget-wrap elementor-element-populated\">\n\t\t\t\t\t\t<div class=\"elementor-element elementor-element-17fb688 flex-horizontal-align-default flex-horizontal-align-tablet-default flex-horizontal-align-mobile-default flex-vertical-align-default flex-vertical-align-tablet-default flex-vertical-align-mobile-default elementor-widget elementor-widget-text-editor\" data-id=\"17fb688\" data-element_type=\"widget\" data-widget_type=\"text-editor.default\">\n\t\t\t\t<div class=\"elementor-widget-container\">\n\t\t\t\t\t\t\t\t\t\t<div class=\"elementor-text-editor elementor-clearfix\">\r\n\t\t\t\t\t\t<p>Consiste en la introducci\u00f3n de calor en el suelo dejando que la radiaci\u00f3n climatice la estancia. Este sistema de calefacci\u00f3n es una evoluci\u00f3n de una primitiva t\u00e9cnica romana llamada \u00a8Hipocasus\u00a8 qu\u00e9 consist\u00eda en la construcci\u00f3n de canales por debajo del suelo por los que circulaba aire caliente.<\/p>\t\t\t\t\t\t\t<\/div>\r\n\t\t\t\t\t\t\t\t<\/div>\n\t\t\t\t<\/div>\n\t\t\t\t\t<\/div>\n\t\t<\/div>\n\t\t\t\t\t<\/div><\/div>\r\n\t\t<\/section>\r\n\t\t\t\t<section class=\"elementor-section elementor-top-section elementor-element elementor-element-5a25375 elementor-section-content-middle elementor-section-boxed elementor-section-height-default elementor-section-height-default\" data-id=\"5a25375\" data-element_type=\"section\" data-settings=\"{&quot;background_background&quot;:&quot;classic&quot;}\">\r\n\t\t\t\t\t\t<div class=\"elementor-container elementor-column-gap-thegem\"><div class=\"elementor-row\">\r\n\t\t\t\t\t<div class=\"elementor-column elementor-col-50 elementor-top-column elementor-element elementor-element-998c0c4\" data-id=\"998c0c4\" data-element_type=\"column\">\n\t\t\t<div class=\"elementor-widget-wrap elementor-element-populated\">\n\t\t\t\t\t\t<div class=\"elementor-element elementor-element-7f12e6c flex-horizontal-align-default flex-horizontal-align-tablet-default flex-horizontal-align-mobile-default flex-vertical-align-default flex-vertical-align-tablet-default flex-vertical-align-mobile-default elementor-widget elementor-widget-text-editor\" data-id=\"7f12e6c\" data-element_type=\"widget\" data-widget_type=\"text-editor.default\">\n\t\t\t\t<div class=\"elementor-widget-container\">\n\t\t\t\t\t\t\t\t\t\t<div class=\"elementor-text-editor elementor-clearfix\">\r\n\t\t\t\t\t\t<p>En la actualidad el principio de funcionamiento es muy parecido pero se ha cambiado el fluido termo portador, reemplazando el aire por agua que es conducido a trav\u00e9s de tuber\u00edas de polietileno reticulado.<\/p><p><strong>El suelo radiante es un sistema de calefacci\u00f3n a baja temperatura<\/strong>, el cerramiento es el que irradia calor, ya que el elemento calefactor est\u00e1 <strong>incorporado en el suelo<\/strong>. Una buena instalaci\u00f3n de suelo radiante ocupa la mayor parte de la superficie del suelo, lo que provoca una correcta distribuci\u00f3n de calor en todos los puntos de la estancia calefactada.<\/p>\t\t\t\t\t\t\t<\/div>\r\n\t\t\t\t\t\t\t\t<\/div>\n\t\t\t\t<\/div>\n\t\t\t\t\t<\/div>\n\t\t<\/div>\n\t\t\t\t<div class=\"elementor-column elementor-col-50 elementor-top-column elementor-element elementor-element-dbd209f\" data-id=\"dbd209f\" data-element_type=\"column\" data-settings=\"{&quot;background_background&quot;:&quot;classic&quot;}\">\n\t\t\t<div class=\"elementor-widget-wrap elementor-element-populated\">\n\t\t\t\t\t\t<div class=\"elementor-element elementor-element-494a44d flex-horizontal-align-default flex-horizontal-align-tablet-default flex-horizontal-align-mobile-default flex-vertical-align-default flex-vertical-align-tablet-default flex-vertical-align-mobile-default elementor-widget elementor-widget-spacer\" data-id=\"494a44d\" data-element_type=\"widget\" data-widget_type=\"spacer.default\">\n\t\t\t\t<div class=\"elementor-widget-container\">\n\t\t\t\t\t<div class=\"elementor-spacer\">\n\t\t\t<div class=\"elementor-spacer-inner\"><\/div>\n\t\t<\/div>\n\t\t\t\t<\/div>\n\t\t\t\t<\/div>\n\t\t\t\t\t<\/div>\n\t\t<\/div>\n\t\t\t\t\t<\/div><\/div>\r\n\t\t<\/section>\r\n\t\t\t\t<section class=\"elementor-section elementor-top-section elementor-element elementor-element-5138c2c elementor-section-content-middle elementor-section-boxed elementor-section-height-default elementor-section-height-default\" data-id=\"5138c2c\" data-element_type=\"section\" data-settings=\"{&quot;background_background&quot;:&quot;classic&quot;}\">\r\n\t\t\t\t\t\t<div class=\"elementor-container elementor-column-gap-thegem\"><div class=\"elementor-row\">\r\n\t\t\t\t\t<div class=\"elementor-column elementor-col-50 elementor-top-column elementor-element elementor-element-a2a3d89\" data-id=\"a2a3d89\" data-element_type=\"column\" data-settings=\"{&quot;background_background&quot;:&quot;classic&quot;}\">\n\t\t\t<div class=\"elementor-widget-wrap elementor-element-populated\">\n\t\t\t\t\t\t<div class=\"elementor-element elementor-element-2fe24aa flex-horizontal-align-default flex-horizontal-align-tablet-default flex-horizontal-align-mobile-default flex-vertical-align-default flex-vertical-align-tablet-default flex-vertical-align-mobile-default elementor-widget elementor-widget-spacer\" data-id=\"2fe24aa\" data-element_type=\"widget\" data-widget_type=\"spacer.default\">\n\t\t\t\t<div class=\"elementor-widget-container\">\n\t\t\t\t\t<div class=\"elementor-spacer\">\n\t\t\t<div class=\"elementor-spacer-inner\"><\/div>\n\t\t<\/div>\n\t\t\t\t<\/div>\n\t\t\t\t<\/div>\n\t\t\t\t\t<\/div>\n\t\t<\/div>\n\t\t\t\t<div class=\"elementor-column elementor-col-50 elementor-top-column elementor-element elementor-element-a3da0a2\" data-id=\"a3da0a2\" data-element_type=\"column\">\n\t\t\t<div class=\"elementor-widget-wrap elementor-element-populated\">\n\t\t\t\t\t\t<div class=\"elementor-element elementor-element-4e943b7 flex-horizontal-align-default flex-horizontal-align-tablet-default flex-horizontal-align-mobile-default flex-vertical-align-default flex-vertical-align-tablet-default flex-vertical-align-mobile-default elementor-widget elementor-widget-text-editor\" data-id=\"4e943b7\" data-element_type=\"widget\" data-widget_type=\"text-editor.default\">\n\t\t\t\t<div class=\"elementor-widget-container\">\n\t\t\t\t\t\t\t\t\t\t<div class=\"elementor-text-editor elementor-clearfix\">\r\n\t\t\t\t\t\t<p>Los elementos de la instaci\u00f3n de suelo radiante son:<\/p><ul><li>Elemento calefactor (<strong>tuber\u00eda<\/strong> de polietileno reticulado).<\/li><li>Capa de<strong> recubrimiento<\/strong>.<\/li><li><strong>Aislamiento<\/strong> t\u00e9rmico.<\/li><li><strong>Dispositivos de regulaci\u00f3n y control<\/strong>.<\/li><\/ul><p>Los tubos se colocan entre tres y cinco cent\u00edmetros por debajo del suelo con separaciones que oscilan entre diez y treinta cent\u00edmetros entre ellos. Haciendo circular por dichos tubos agua a unas temperaturas comprendidas entre 35 y 45\u00baC para que el suelo se mantenga a una temperatura comprendida entre 20 y 28\u00baC y su ambiente a una temperatura de confort de entre 18 y 22\u00baC.<\/p>\t\t\t\t\t\t\t<\/div>\r\n\t\t\t\t\t\t\t\t<\/div>\n\t\t\t\t<\/div>\n\t\t\t\t\t<\/div>\n\t\t<\/div>\n\t\t\t\t\t<\/div><\/div>\r\n\t\t<\/section>\r\n\t\t\t\t<section class=\"elementor-section elementor-top-section elementor-element elementor-element-2cd27e3 elementor-section-content-middle elementor-section-boxed elementor-section-height-default elementor-section-height-default\" data-id=\"2cd27e3\" data-element_type=\"section\" data-settings=\"{&quot;background_background&quot;:&quot;classic&quot;}\">\r\n\t\t\t\t\t\t<div class=\"elementor-container elementor-column-gap-thegem\"><div class=\"elementor-row\">\r\n\t\t\t\t\t<div class=\"elementor-column elementor-col-50 elementor-top-column elementor-element elementor-element-818842f\" data-id=\"818842f\" data-element_type=\"column\">\n\t\t\t<div class=\"elementor-widget-wrap elementor-element-populated\">\n\t\t\t\t\t\t<div class=\"elementor-element elementor-element-e9c04a8 flex-horizontal-align-default flex-horizontal-align-tablet-default flex-horizontal-align-mobile-default flex-vertical-align-default flex-vertical-align-tablet-default flex-vertical-align-mobile-default elementor-widget elementor-widget-text-editor\" data-id=\"e9c04a8\" data-element_type=\"widget\" data-widget_type=\"text-editor.default\">\n\t\t\t\t<div class=\"elementor-widget-container\">\n\t\t\t\t\t\t\t\t\t\t<div class=\"elementor-text-editor elementor-clearfix\">\r\n\t\t\t\t\t\t<p>Por otra parte el calor se mantiene en la zona de debajo de la estancia, donde se encuentra la gente, y no en la zona superior, por lo que s<strong>e aprovecha mejor el calor<\/strong> y no se pierde cada vez que alguien abre una ventana o una puerta.<\/p><p>El grado de confort que obtenemos con este tipo de calor es ideal, ya que como calentamos el agua a 40\u00baC para mantener la estancia a 20\u00baC observamos el<strong> alto rendimiento<\/strong> de este sistema de calefacci\u00f3n en comparaci\u00f3n con los sistemas tradicionales, los cuales, para mantener la estancia a la misma temperatura tendr\u00edan que calentar el agua a 70 u 80\u00baC.<\/p>\t\t\t\t\t\t\t<\/div>\r\n\t\t\t\t\t\t\t\t<\/div>\n\t\t\t\t<\/div>\n\t\t\t\t\t<\/div>\n\t\t<\/div>\n\t\t\t\t<div class=\"elementor-column elementor-col-50 elementor-top-column elementor-element elementor-element-4f179a4\" data-id=\"4f179a4\" data-element_type=\"column\" data-settings=\"{&quot;background_background&quot;:&quot;classic&quot;}\">\n\t\t\t<div class=\"elementor-widget-wrap elementor-element-populated\">\n\t\t\t\t\t\t<div class=\"elementor-element elementor-element-5f6059f flex-horizontal-align-default flex-horizontal-align-tablet-default flex-horizontal-align-mobile-default flex-vertical-align-default flex-vertical-align-tablet-default flex-vertical-align-mobile-default elementor-widget elementor-widget-spacer\" data-id=\"5f6059f\" data-element_type=\"widget\" data-widget_type=\"spacer.default\">\n\t\t\t\t<div class=\"elementor-widget-container\">\n\t\t\t\t\t<div class=\"elementor-spacer\">\n\t\t\t<div class=\"elementor-spacer-inner\"><\/div>\n\t\t<\/div>\n\t\t\t\t<\/div>\n\t\t\t\t<\/div>\n\t\t\t\t\t<\/div>\n\t\t<\/div>\n\t\t\t\t\t<\/div><\/div>\r\n\t\t<\/section>\r\n\t\t\t\t<section class=\"elementor-section elementor-top-section elementor-element elementor-element-79e2bcd elementor-section-content-middle elementor-section-boxed elementor-section-height-default elementor-section-height-default\" data-id=\"79e2bcd\" data-element_type=\"section\" data-settings=\"{&quot;background_background&quot;:&quot;classic&quot;}\">\r\n\t\t\t\t\t\t<div class=\"elementor-container elementor-column-gap-thegem\"><div class=\"elementor-row\">\r\n\t\t\t\t\t<div class=\"elementor-column elementor-col-50 elementor-top-column elementor-element elementor-element-4a20eaf\" data-id=\"4a20eaf\" data-element_type=\"column\" data-settings=\"{&quot;background_background&quot;:&quot;classic&quot;}\">\n\t\t\t<div class=\"elementor-widget-wrap elementor-element-populated\">\n\t\t\t\t\t\t<div class=\"elementor-element elementor-element-7729c48 flex-horizontal-align-default flex-horizontal-align-tablet-default flex-horizontal-align-mobile-default flex-vertical-align-default flex-vertical-align-tablet-default flex-vertical-align-mobile-default elementor-widget elementor-widget-spacer\" data-id=\"7729c48\" data-element_type=\"widget\" data-widget_type=\"spacer.default\">\n\t\t\t\t<div class=\"elementor-widget-container\">\n\t\t\t\t\t<div class=\"elementor-spacer\">\n\t\t\t<div class=\"elementor-spacer-inner\"><\/div>\n\t\t<\/div>\n\t\t\t\t<\/div>\n\t\t\t\t<\/div>\n\t\t\t\t\t<\/div>\n\t\t<\/div>\n\t\t\t\t<div class=\"elementor-column elementor-col-50 elementor-top-column elementor-element elementor-element-74fbac9\" data-id=\"74fbac9\" data-element_type=\"column\">\n\t\t\t<div class=\"elementor-widget-wrap elementor-element-populated\">\n\t\t\t\t\t\t<div class=\"elementor-element elementor-element-6edaf0d flex-horizontal-align-default flex-horizontal-align-tablet-default flex-horizontal-align-mobile-default flex-vertical-align-default flex-vertical-align-tablet-default flex-vertical-align-mobile-default elementor-widget elementor-widget-text-editor\" data-id=\"6edaf0d\" data-element_type=\"widget\" data-widget_type=\"text-editor.default\">\n\t\t\t\t<div class=\"elementor-widget-container\">\n\t\t\t\t\t\t\t\t\t\t<div class=\"elementor-text-editor elementor-clearfix\">\r\n\t\t\t\t\t\t<p>Este sistema de calefacci\u00f3n est\u00e1 considerado como el mejor, debido a sus propiedades de funcionamiento, a la <strong>posibilidad de adaptaci\u00f3n a fuentes de energ\u00eda alternativas<\/strong> y otras muchas ventajas con respecto a otros sistemas que citaremos m\u00e1s adelante.<\/p><p>Un dato que confirma las m\u00faltiples ventajas que posee este sistema es que el 50% de las instalaciones realizadas para viviendas nuevas en los pa\u00edses desarrollados eligen este sistema.<\/p>\t\t\t\t\t\t\t<\/div>\r\n\t\t\t\t\t\t\t\t<\/div>\n\t\t\t\t<\/div>\n\t\t\t\t\t<\/div>\n\t\t<\/div>\n\t\t\t\t\t<\/div><\/div>\r\n\t\t<\/section>\r\n\t\t\t\t<section class=\"elementor-section elementor-top-section elementor-element elementor-element-9662722 elementor-section-boxed elementor-section-height-default elementor-section-height-default\" data-id=\"9662722\" data-element_type=\"section\">\r\n\t\t\t\t\t\t<div class=\"elementor-container elementor-column-gap-thegem\"><div class=\"elementor-row\">\r\n\t\t\t\t\t<div class=\"elementor-column elementor-col-100 elementor-top-column elementor-element elementor-element-c211f09\" data-id=\"c211f09\" data-element_type=\"column\">\n\t\t\t<div class=\"elementor-widget-wrap elementor-element-populated\">\n\t\t\t\t\t\t<div class=\"elementor-element elementor-element-8949b97 flex-horizontal-align-default flex-horizontal-align-tablet-default flex-horizontal-align-mobile-default flex-vertical-align-default flex-vertical-align-tablet-default flex-vertical-align-mobile-default elementor-widget elementor-widget-text-editor\" data-id=\"8949b97\" data-element_type=\"widget\" data-widget_type=\"text-editor.default\">\n\t\t\t\t<div class=\"elementor-widget-container\">\n\t\t\t\t\t\t\t\t\t\t<div class=\"elementor-text-editor elementor-clearfix\">\r\n\t\t\t\t\t\t<h3>VENTAJAS DEL SUELO RADIANTE COMO SISTEMA DE CALEFACCI\u00d3N<\/h3><ul><li>DISTRIBUCI\u00d3N IDEAL DE LA TEMPERATURA: Calor en los pies y cabeza fr\u00eda.<\/li><li>EST\u00c9TICA: Se evitan los molestos radiadores que limitan las posibilidades de decoraci\u00f3n y suponen un foco de polvo y suciedad.<\/li><li>LIBERTAD DE ELECCI\u00d3N DE SUELOS: Compatible con cualquier tipo de pavimento o madera. Los pies se mantendr\u00edan permanentemente calientes.<\/li><li>SEGURIDAD: Se eliminan los riesgos de quemaduras provocadas por los radiadores o tuber\u00edas de conducci\u00f3n.<\/li><li>CONFORT Y SENSACI\u00d3N DE BIENESTAR: Mantiene el grado de humedad natural del ambiente, permite respirar un aire m\u00e1s fresco.<\/li><li>SALUDABLE PARA EL CUERPO: Mantiene la uniformidad de las variables temperatura y humedad por lo que permite un funcionamiento normal del mecanismo de regulaci\u00f3n de la temperatura corporal. Al no resecar el ambiente desaparecen los problemas respiratorios debidos a la calefacci\u00f3n.<\/li><li>AHORRO ENERG\u00c9TICO: Al trabajar a baja temperatura, se reducen las p\u00e9rdidas de calor en las conducciones generales, tuber\u00edas de enlace de la fuente de calor con los circuitos. Igualmente se aminoran las p\u00e9rdidas de calor por renovaci\u00f3n de aire. Gracias a la curva de distribuci\u00f3n del calor la temperatura de confort se obtiene a 18\u00baC en vez de los 20\u00baC que precisa la convencional. Esta diferencia supone el ahorro del orden del 10\/15%.<\/li><li>AUTORREGULACI\u00d3N DE LA TEMPERATURA AMBIENTE: El propio sistema deja de emitir calor al aumentar la temperatura del recinto de forma natural ya que aprovecha mejor las aportaciones de calor, sin precisar de termostatos en cada estancia a diferencia de los sistemas con radiadores para evitar sobrecalentamientos y gasto innecesario de energ\u00eda.<\/li><li>ECOL\u00d3GICO: Debido a la baja temperatura de funcionamiento (40\u00baC) y la gran inercia t\u00e9rmica el suelo radiante puede funcionar \u00f3ptimamente con colectores solares. Aprovechando al m\u00e1ximo la eficiencia de los mismos, permite ahorrar un alto porcentaje de energ\u00eda convencional en este sistema de calefacci\u00f3n as\u00ed como permite reducir la emisi\u00f3n de gases a la atm\u00f3sfera.<\/li><li>LARGA VIDA \u00daTIL: Las conducciones o tubos empleados de materiales tecnol\u00f3gicamente muy avanzados son indestructibles no necesitando mantenimiento. Hay total ausencia de corrosi\u00f3n y\/o incrustaciones. No hay soldaduras ni empalmes.<\/li><li>Los COSTOS DE MANTENIMIENTO Y EXPLOTACI\u00d3N son MENORES. Es por tanto un sistema limpio, de gran eficiencia energ\u00e9tica y grado de confort, adecuado para cualquier tipo de edificaci\u00f3n pero especialmente indicado para grandes espacios, acogedores y con muchos ventanales.<\/li><\/ul>\t\t\t\t\t\t\t<\/div>\r\n\t\t\t\t\t\t\t\t<\/div>\n\t\t\t\t<\/div>\n\t\t\t\t\t<\/div>\n\t\t<\/div>\n\t\t\t\t\t<\/div><\/div>\r\n\t\t<\/section>\r\n\t\t\t\t<\/div>","protected":false},"excerpt":{"rendered":"<p>Consiste en la introducci\u00f3n de calor en el suelo dejando que la radiaci\u00f3n climatice la estancia. Este sistema de calefacci\u00f3n&#8230;<\/p>","protected":false},"author":1,"featured_media":0,"parent":0,"menu_order":0,"comment_status":"closed","ping_status":"closed","template":"page-fullwidth.php","meta":{"footnotes":""},"class_list":["post-3817","page","type-page","status-publish"],"_links":{"self":[{"href":"https:\/\/beroeder.com\/eus\/wp-json\/wp\/v2\/pages\/3817","targetHints":{"allow":["GET"]}}],"collection":[{"href":"https:\/\/beroeder.com\/eus\/wp-json\/wp\/v2\/pages"}],"about":[{"href":"https:\/\/beroeder.com\/eus\/wp-json\/wp\/v2\/types\/page"}],"author":[{"embeddable":true,"href":"https:\/\/beroeder.com\/eus\/wp-json\/wp\/v2\/users\/1"}],"replies":[{"embeddable":true,"href":"https:\/\/beroeder.com\/eus\/wp-json\/wp\/v2\/comments?post=3817"}],"version-history":[{"count":40,"href":"https:\/\/beroeder.com\/eus\/wp-json\/wp\/v2\/pages\/3817\/revisions"}],"predecessor-version":[{"id":4336,"href":"https:\/\/beroeder.com\/eus\/wp-json\/wp\/v2\/pages\/3817\/revisions\/4336"}],"wp:attachment":[{"href":"https:\/\/beroeder.com\/eus\/wp-json\/wp\/v2\/media?parent=3817"}],"curies":[{"name":"wp","href":"https:\/\/api.w.org\/{rel}","templated":true}]}}